{"id":93,"date":"2022-01-05T12:33:01","date_gmt":"2022-01-05T11:33:01","guid":{"rendered":"https:\/\/bless-gd.de\/wordpress\/?page_id=93"},"modified":"2022-01-05T13:00:58","modified_gmt":"2022-01-05T12:00:58","slug":"bless-gebaeudedienste-katzke","status":"publish","type":"page","link":"https:\/\/bless-gd.de\/index.php\/bless-gebaeudedienste-katzke\/","title":{"rendered":"BLESS &#8211; Geb\u00e4udedienste &#8211; Katzke"},"content":{"rendered":"<section class=\"l-section wpb_row height_auto width_full\"><div class=\"l-section-h i-cf\"><div class=\"g-cols vc_row via_grid cols_1 laptops-cols_inherit tablets-cols_inherit mobiles-cols_1 valign_top type_default stacking_default\"><div class=\"wpb_column vc_column_container\"><div class=\"vc_column-inner\"><section class=\"l-section wpb_row height_auto width_full with_shape\"><div class=\"l-section-shape type_wave pos_bottom hor_flip\" style=\"height:5vh;\"><svg xmlns=\"http:\/\/www.w3.org\/2000\/svg\" viewBox=\"0 4 64 4\" preserveAspectRatio=\"none\" width=\"100%\" height=\"100%\">\r\n\t<path fill=\"currentColor\" d=\"M64 6 C32 0 32 12 0 6 L0 8 L64 8 Z\"\/>\r\n<\/svg><\/div><div class=\"l-section-h i-cf\"><div class=\"g-cols vc_row via_grid cols_1 laptops-cols_inherit tablets-cols_inherit mobiles-cols_1 valign_top type_default stacking_default\"><div class=\"wpb_column vc_column_container\"><div class=\"vc_column-inner\">\n\t\t\t<!-- START blessstart REVOLUTION SLIDER 6.7.29 --><p class=\"rs-p-wp-fix\"><\/p>\n\t\t\t<rs-module-wrap id=\"rev_slider_3_1_wrapper\" data-source=\"gallery\" style=\"visibility:hidden;background:transparent;padding:0;margin:0px auto;margin-top:0;margin-bottom:0;\">\n\t\t\t\t<rs-module id=\"rev_slider_3_1\" style=\"\" data-version=\"6.7.29\">\n\t\t\t\t\t<rs-slides style=\"overflow: hidden; position: absolute;\">\n\t\t\t\t\t\t<rs-slide style=\"position: absolute;\" data-key=\"rs-3\" data-title=\"gebaeude\" data-anim=\"adpr:false;\" data-in=\"o:0;\" data-out=\"a:false;\">\n\t\t\t\t\t\t\t<img decoding=\"async\" src=\"\/\/bless-gd.de\/wp-content\/plugins\/revslider\/sr6\/assets\/assets\/dummy.png\" alt=\"BLESS - Geb\u00e4udedienste\" title=\"startseite-gebaeude\" width=\"1920\" height=\"1084\" class=\"rev-slidebg tp-rs-img rs-lazyload\" data-lazyload=\"\/\/bless-gd.de\/wp-content\/uploads\/2022\/01\/startseite-gebaeude.jpg\" data-panzoom=\"d:15000ms;ss:100;se:120%;\" data-no-retina>\n<!--\n\t\t\t\t\t\t\t--><rs-layer\n\t\t\t\t\t\t\t\tid=\"slider-3-slide-3-layer-0\" \n\t\t\t\t\t\t\t\tdata-type=\"shape\"\n\t\t\t\t\t\t\t\tdata-rsp_ch=\"on\"\n\t\t\t\t\t\t\t\tdata-text=\"w:normal;s:20,20,20,7;l:0,0,0,9;\"\n\t\t\t\t\t\t\t\tdata-dim=\"w:100%;h:100%;\"\n\t\t\t\t\t\t\t\tdata-basealign=\"slide\"\n\t\t\t\t\t\t\t\tdata-frame_1=\"e:power4.inOut;st:200;sp:1500;sR:200;\"\n\t\t\t\t\t\t\t\tdata-frame_999=\"o:0;e:power4.inOut;st:w;sp:1000;sR:4300;\"\n\t\t\t\t\t\t\t\tstyle=\"z-index:8;background:linear-gradient(270deg, rgba(247,247,247,0) 0%, rgba(0,122,198,1) 100%);\"\n\t\t\t\t\t\t\t> \n\t\t\t\t\t\t\t<\/rs-layer><!--\n\n\t\t\t\t\t\t\t--><rs-layer\n\t\t\t\t\t\t\t\tid=\"slider-3-slide-3-layer-1\" \n\t\t\t\t\t\t\t\tdata-type=\"text\"\n\t\t\t\t\t\t\t\tdata-rsp_ch=\"on\"\n\t\t\t\t\t\t\t\tdata-xy=\"xo:20px,20px,20px,7px;yo:50px,50px,50px,19px;\"\n\t\t\t\t\t\t\t\tdata-text=\"w:normal;s:20,20,20,17;l:25,25,25,9;\"\n\t\t\t\t\t\t\t\tdata-frame_1=\"e:power4.inOut;st:200;sp:1500;sR:200;\"\n\t\t\t\t\t\t\t\tdata-frame_999=\"o:1;st:w;sR:4300;\"\n\t\t\t\t\t\t\t\tstyle=\"z-index:9;font-family:'Roboto';text-shadow:1px 1px #000;\"\n\t\t\t\t\t\t\t>BLESS Geb\u00e4udedienste \n\t\t\t\t\t\t\t<\/rs-layer><!--\n\n\t\t\t\t\t\t\t--><rs-layer\n\t\t\t\t\t\t\t\tid=\"slider-3-slide-3-layer-2\" \n\t\t\t\t\t\t\t\tdata-type=\"text\"\n\t\t\t\t\t\t\t\tdata-rsp_ch=\"on\"\n\t\t\t\t\t\t\t\tdata-xy=\"xo:20px,20px,20px,7px;yo:90px,90px,90px,44px;\"\n\t\t\t\t\t\t\t\tdata-text=\"w:normal;s:40,40,40,25;l:45,45,45,27;\"\n\t\t\t\t\t\t\t\tdata-dim=\"w:661.56px,661.56px,661.56px,350px;h:auto,auto,auto,96px;\"\n\t\t\t\t\t\t\t\tdata-frame_1=\"e:power4.inOut;st:900;sp:1500;sR:900;\"\n\t\t\t\t\t\t\t\tdata-frame_999=\"o:1;st:w;sR:3600;\"\n\t\t\t\t\t\t\t\tstyle=\"z-index:10;font-family:'Roboto';text-shadow:1px 1px #000;\"\n\t\t\t\t\t\t\t>Vielf\u00e4ltige Geb\u00e4udedienste geh\u00f6ren zu unseren Kernkompetenzen \n\t\t\t\t\t\t\t<\/rs-layer><!--\n-->\t\t\t\t\t<\/rs-slide>\n\t\t\t\t\t\t<rs-slide style=\"position: absolute;\" data-key=\"rs-4\" data-title=\"park\" data-anim=\"adpr:false;\" data-in=\"o:0;\" data-out=\"a:false;\">\n\t\t\t\t\t\t\t<img decoding=\"async\" src=\"\/\/bless-gd.de\/wp-content\/plugins\/revslider\/sr6\/assets\/assets\/dummy.png\" alt=\"BLESS - Geb\u00e4udedienste\" title=\"startseite-parkbank\" width=\"1062\" height=\"600\" class=\"rev-slidebg tp-rs-img rs-lazyload\" data-lazyload=\"\/\/bless-gd.de\/wp-content\/uploads\/2022\/01\/startseite-parkbank.jpg\" data-panzoom=\"d:10000;ss:100;se:120%;\" data-no-retina>\n<!--\n\t\t\t\t\t\t\t--><rs-layer\n\t\t\t\t\t\t\t\tid=\"slider-3-slide-4-layer-1\" \n\t\t\t\t\t\t\t\tdata-type=\"text\"\n\t\t\t\t\t\t\t\tdata-rsp_ch=\"on\"\n\t\t\t\t\t\t\t\tdata-xy=\"xo:20px,20px,20px,7px;yo:50px,50px,50px,19px;\"\n\t\t\t\t\t\t\t\tdata-text=\"w:normal;s:20,20,20,17;l:25,25,25,9;\"\n\t\t\t\t\t\t\t\tdata-frame_1=\"e:power4.inOut;st:200;sp:1500;sR:200;\"\n\t\t\t\t\t\t\t\tdata-frame_999=\"o:1;st:w;\"\n\t\t\t\t\t\t\t\tstyle=\"z-index:9;font-family:'Roboto';text-shadow:1px 1px #000;\"\n\t\t\t\t\t\t\t>BLESS Au\u00dfenpflege \n\t\t\t\t\t\t\t<\/rs-layer><!--\n\n\t\t\t\t\t\t\t--><rs-layer\n\t\t\t\t\t\t\t\tid=\"slider-3-slide-4-layer-2\" \n\t\t\t\t\t\t\t\tdata-type=\"text\"\n\t\t\t\t\t\t\t\tdata-rsp_ch=\"on\"\n\t\t\t\t\t\t\t\tdata-xy=\"xo:20px,20px,20px,7px;yo:90px,90px,90px,44px;\"\n\t\t\t\t\t\t\t\tdata-text=\"w:normal;s:40,40,40,25;l:45,45,45,27;\"\n\t\t\t\t\t\t\t\tdata-dim=\"w:auto,auto,auto,351px;h:auto,auto,auto,102px;\"\n\t\t\t\t\t\t\t\tdata-frame_1=\"e:power4.inOut;st:900;sp:1500;sR:900;\"\n\t\t\t\t\t\t\t\tdata-frame_999=\"o:1;st:w;\"\n\t\t\t\t\t\t\t\tstyle=\"z-index:10;font-family:'Roboto';text-shadow:1px 1px #000;\"\n\t\t\t\t\t\t\t>Perfekte Au\u00dfenpflege f\u00fcr Ihre gr\u00fcne Oase \n\t\t\t\t\t\t\t<\/rs-layer><!--\n\n\t\t\t\t\t\t\t--><rs-layer\n\t\t\t\t\t\t\t\tid=\"slider-3-slide-4-layer-3\" \n\t\t\t\t\t\t\t\tdata-type=\"shape\"\n\t\t\t\t\t\t\t\tdata-rsp_ch=\"on\"\n\t\t\t\t\t\t\t\tdata-text=\"w:normal;s:20,20,20,7;l:0,0,0,9;\"\n\t\t\t\t\t\t\t\tdata-dim=\"w:100%;h:100%;\"\n\t\t\t\t\t\t\t\tdata-basealign=\"slide\"\n\t\t\t\t\t\t\t\tdata-frame_999=\"o:0;st:w;\"\n\t\t\t\t\t\t\t\tstyle=\"z-index:8;background:linear-gradient(270deg, rgba(247,247,247,0) 0%, rgba(0,122,198,1) 100%);\"\n\t\t\t\t\t\t\t> \n\t\t\t\t\t\t\t<\/rs-layer><!--\n-->\t\t\t\t\t<\/rs-slide>\n\t\t\t\t\t\t<rs-slide style=\"position: absolute;\" data-key=\"rs-5\" data-title=\"office\" data-anim=\"adpr:false;\" data-in=\"o:0;\" data-out=\"a:false;\">\n\t\t\t\t\t\t\t<img decoding=\"async\" src=\"\/\/bless-gd.de\/wp-content\/plugins\/revslider\/sr6\/assets\/assets\/dummy.png\" alt=\"BLESS - Geb\u00e4udedienste\" title=\"startseite-office\" width=\"1920\" height=\"1084\" class=\"rev-slidebg tp-rs-img rs-lazyload\" data-lazyload=\"\/\/bless-gd.de\/wp-content\/uploads\/2022\/01\/startseite-office.jpg\" data-panzoom=\"d:10000;ss:100;se:120%;\" data-no-retina>\n<!--\n\t\t\t\t\t\t\t--><rs-layer\n\t\t\t\t\t\t\t\tid=\"slider-3-slide-5-layer-1\" \n\t\t\t\t\t\t\t\tdata-type=\"text\"\n\t\t\t\t\t\t\t\tdata-rsp_ch=\"on\"\n\t\t\t\t\t\t\t\tdata-xy=\"xo:20px,20px,20px,7px;yo:50px,50px,50px,19px;\"\n\t\t\t\t\t\t\t\tdata-text=\"w:normal;s:20,20,20,17;l:25,25,25,9;\"\n\t\t\t\t\t\t\t\tdata-frame_1=\"e:power4.inOut;st:200;sp:1500;sR:200;\"\n\t\t\t\t\t\t\t\tdata-frame_999=\"o:1;st:w;\"\n\t\t\t\t\t\t\t\tstyle=\"z-index:9;font-family:'Roboto';text-shadow:1px 1px #000;\"\n\t\t\t\t\t\t\t>BLESS Geb\u00e4udereinigung \n\t\t\t\t\t\t\t<\/rs-layer><!--\n\n\t\t\t\t\t\t\t--><rs-layer\n\t\t\t\t\t\t\t\tid=\"slider-3-slide-5-layer-2\" \n\t\t\t\t\t\t\t\tdata-type=\"text\"\n\t\t\t\t\t\t\t\tdata-rsp_ch=\"on\"\n\t\t\t\t\t\t\t\tdata-xy=\"xo:20px,20px,20px,7px;yo:90px,90px,90px,44px;\"\n\t\t\t\t\t\t\t\tdata-text=\"w:normal;s:40,40,40,25;l:45,45,45,27;\"\n\t\t\t\t\t\t\t\tdata-dim=\"w:597.5899999999999px,597.5899999999999px,597.5899999999999px,323px;h:auto,auto,auto,86px;\"\n\t\t\t\t\t\t\t\tdata-frame_1=\"e:power4.inOut;st:900;sp:1500;sR:900;\"\n\t\t\t\t\t\t\t\tdata-frame_999=\"o:1;st:w;\"\n\t\t\t\t\t\t\t\tstyle=\"z-index:10;font-family:'Roboto';text-shadow:1px 1px #000;\"\n\t\t\t\t\t\t\t>Professionelle Geb\u00e4udereinigung auf Ihre Anspr\u00fcche abgestimmt \n\t\t\t\t\t\t\t<\/rs-layer><!--\n\n\t\t\t\t\t\t\t--><rs-layer\n\t\t\t\t\t\t\t\tid=\"slider-3-slide-5-layer-4\" \n\t\t\t\t\t\t\t\tdata-type=\"shape\"\n\t\t\t\t\t\t\t\tdata-rsp_ch=\"on\"\n\t\t\t\t\t\t\t\tdata-text=\"w:normal;s:20,20,20,7;l:0,0,0,9;\"\n\t\t\t\t\t\t\t\tdata-dim=\"w:100%;h:100%;\"\n\t\t\t\t\t\t\t\tdata-basealign=\"slide\"\n\t\t\t\t\t\t\t\tdata-frame_999=\"o:0;st:w;\"\n\t\t\t\t\t\t\t\tstyle=\"z-index:8;background:linear-gradient(270deg, rgba(247,247,247,0) 0%, rgba(0,122,198,1) 100%);\"\n\t\t\t\t\t\t\t> \n\t\t\t\t\t\t\t<\/rs-layer><!--\n-->\t\t\t\t\t<\/rs-slide>\n\t\t\t\t\t<\/rs-slides>\n\t\t\t\t<\/rs-module>\n\t\t\t\t<script>\n\t\t\t\t\tsetREVStartSize({c: 'rev_slider_3_1',rl:[1240,1240,1240,480],el:[600,600,600,200],gw:[1240,1240,1240,480],gh:[600,600,600,200],type:'standard',justify:'',layout:'fullwidth',mh:\"0\"});if (window.RS_MODULES!==undefined && window.RS_MODULES.modules!==undefined && window.RS_MODULES.modules[\"revslider31\"]!==undefined) {window.RS_MODULES.modules[\"revslider31\"].once = false;window.revapi3 = undefined;if (window.RS_MODULES.checkMinimal!==undefined) window.RS_MODULES.checkMinimal()}\n\t\t\t\t<\/script>\n\t\t\t<\/rs-module-wrap>\n\t\t\t<!-- END REVOLUTION SLIDER -->\n<\/div><\/div><\/div><\/div><\/section><section class=\"l-section wpb_row height_medium\"><div class=\"l-section-h i-cf\"><div class=\"g-cols vc_row via_grid cols_3 laptops-cols_inherit tablets-cols_inherit mobiles-cols_1 valign_top type_default stacking_default\"><div class=\"wpb_column vc_column_container\"><div class=\"vc_column-inner\"><div class=\"w-iconbox iconpos_top style_default color_custom align_center no_text\"><a title=\"Geb\u00e4udedienste\" href=\"https:\/\/bless-gd.de\/index.php\/portfolio\/bless-gebaeudedienste\/\" class=\"w-iconbox-link\" aria-label=\"Geb\u00e4udedienste\"><div class=\"w-iconbox-icon\" style=\"font-size:60px;--icon-color:#0086CB;\"><i class=\"fas fa-tools\"><\/i><\/div><\/a><div class=\"w-iconbox-meta\"><a title=\"Geb\u00e4udedienste\" href=\"https:\/\/bless-gd.de\/index.php\/portfolio\/bless-gebaeudedienste\/\" class=\"w-iconbox-link\" aria-label=\"Geb\u00e4udedienste\"><h4 class=\"w-iconbox-title\">Geb\u00e4udedienste<\/h4><\/a><\/div><\/div><\/div><\/div><div class=\"wpb_column vc_column_container\"><div class=\"vc_column-inner\"><div class=\"w-iconbox iconpos_top style_default color_custom align_center no_text\"><a title=\"Geb\u00e4uderenigung\" href=\"https:\/\/bless-gd.de\/index.php\/portfolio\/gebaeuderenigung\/\" class=\"w-iconbox-link\" aria-label=\"Geb\u00e4udereinigung\"><div class=\"w-iconbox-icon\" style=\"font-size:60px;--icon-color:#0086CB;\"><i class=\"fas fa-home\"><\/i><\/div><\/a><div class=\"w-iconbox-meta\"><a title=\"Geb\u00e4uderenigung\" href=\"https:\/\/bless-gd.de\/index.php\/portfolio\/gebaeuderenigung\/\" class=\"w-iconbox-link\" aria-label=\"Geb\u00e4udereinigung\"><h4 class=\"w-iconbox-title\">Geb\u00e4udereinigung<\/h4><\/a><\/div><\/div><\/div><\/div><div class=\"wpb_column vc_column_container\"><div class=\"vc_column-inner\"><div class=\"w-iconbox iconpos_top style_default color_custom align_center no_text\"><a title=\"Bless Au\u00dfenpflege\" href=\"https:\/\/bless-gd.de\/index.php\/portfolio\/aussenpflege\/\" class=\"w-iconbox-link\" aria-label=\"Aussenpflege\"><div class=\"w-iconbox-icon\" style=\"font-size:60px;--icon-color:#0086CB;\"><i class=\"fas fa-seedling\"><\/i><\/div><\/a><div class=\"w-iconbox-meta\"><a title=\"Bless Au\u00dfenpflege\" href=\"https:\/\/bless-gd.de\/index.php\/portfolio\/aussenpflege\/\" class=\"w-iconbox-link\" aria-label=\"Aussenpflege\"><h4 class=\"w-iconbox-title\">Aussenpflege<\/h4><\/a><\/div><\/div><\/div><\/div><\/div><\/div><\/section><section class=\"l-section wpb_row height_medium color_alternate\" id=\"wir\"><div class=\"l-section-h i-cf\"><div class=\"g-cols vc_row via_grid cols_1 laptops-cols_inherit tablets-cols_inherit mobiles-cols_1 valign_top type_default stacking_default\"><div class=\"wpb_column vc_column_container\"><div class=\"vc_column-inner\">[vc_custom_heading text=&#8220;BLESS Geb\u00e4udedienste&#8220; use_theme_fonts=&#8220;yes&#8220;]<div class=\"wpb_text_column\"><div class=\"wpb_wrapper\"><p>Seit 1984 ist die BLESS Geb\u00e4udedienste GmbH ein zuverl\u00e4ssiger Partner im Bereich der Geb\u00e4udedienstleistung. Aus dem Ein-Mann-Betrieb von einst ist inzwischen ein modern gef\u00fchrtes Unternehmen mit \u00fcber 400 Mitarbeitern geworden. Vom Hauptsitz M\u00fclheim an der Ruhr werden die t\u00e4glichen Eins\u00e4tze der Mitarbeiter geplant und gesteuert. Die BLESS Geb\u00e4udedienste hat sich auf die personalintensiven Geb\u00e4udedienstleistungen spezialisiert:<\/p>\n<p>In den Bereichen Geb\u00e4udereinigung, Unterhalts- und Glasreinigung, Garten- und Landschaftspflege von Privat-, B\u00fcro- und Gesch\u00e4ftsh\u00e4usern, Sch\u00e4dlingsbek\u00e4mpfung, Hausmeisterdienst und Spezialleistungen wie z.B. Industriereinigung, Baureinigung, Fassadenreinigung, Graffiti-Enternung, Graffiti-Schutz, Winterdienst und Marmorkristallisation bietet BLESS Geb\u00e4udedienste umfassende und aufeinander abgestimmte Serviceleistungen aus einer Hand.<\/p>\n<p>Die Grundlage f\u00fcr die Arbeit der BLESS Geb\u00e4udedienste ist ein Servicekonzept, das in Partnerschaft mit den Kunden ma\u00dfgeschneidert wird. Dabei werden nach einer umfassenden Bestands- und Bedarfsanalyse die passenden Systembausteine aus dem Leistungsangebot ausgew\u00e4hlt und f\u00fcr den Kunden optimiert.<\/p>\n<\/div><\/div><div class=\"w-separator size_medium\"><\/div>[vc_custom_heading text=&#8220;Gepr\u00fcfte Qualit\u00e4t auf Meisterniveau&#8220; use_theme_fonts=&#8220;yes&#8220;]<div class=\"wpb_text_column\"><div class=\"wpb_wrapper\"><p>F\u00fcr die professionelle Umsetzung in der Praxis sorgt Tag f\u00fcr Tag das mit nachgewiesenem Meisterbrief oder vergleichbarer Qualifikation geschulte Fachpersonal der BLESS Geb\u00e4udedienste &#8211; mit gro\u00dfem Erfolg, wie die Zufriedenheit der Kunden immer wieder best\u00e4tigt. Mit der Zertifizierung nach<br \/>\n<a href=\"https:\/\/de.wikipedia.org\/wiki\/ISO_9001\" target=\"_blank\" rel=\"noopener\">DIN EN ISO 9001<\/a>\u00a0und\u00a0<a href=\"https:\/\/de.wikipedia.org\/wiki\/ISO_14001\" target=\"_blank\" rel=\"noopener\">DIN EN ISO 14001<\/a>\u00a0haben wir uns nachweislich verpflichtet, kontinuierlich in die Schulung und Qualifizierung unserer Mitarbeiter zu investieren.<\/p>\n<p>Mit dem umfassenden Qualit\u00e4ts- und Umweltmanagement der BLESS Geb\u00e4udedienste nach\u00a0<a href=\"https:\/\/de.wikipedia.org\/wiki\/ISO_9001\" target=\"_blank\" rel=\"noopener\">DIN EN ISO 9001<\/a>\u00a0und\u00a0<a href=\"https:\/\/de.wikipedia.org\/wiki\/ISO_14001\" target=\"_blank\" rel=\"noopener\">DIN EN ISO 14001<\/a>\u00a0werden alle Leistungen permanent von Fachleuten \u00fcberpr\u00fcft und optimiert, damit BLESS ihren Kunden auch morgen aktuelle und richtungsweisende Probleml\u00f6sungen anbieten kann.<\/p>\n<\/div><\/div><\/div><\/div><\/div><\/div><\/section><section class=\"l-section wpb_row us_custom_c6d9aa85 height_medium\"><div class=\"l-section-h i-cf\"><div class=\"g-cols vc_row via_grid cols_1 laptops-cols_inherit tablets-cols_inherit mobiles-cols_1 valign_top type_default stacking_default\"><div class=\"wpb_column vc_column_container\"><div class=\"vc_column-inner\"><div class=\"g-cols wpb_row via_grid cols_2 laptops-cols_inherit tablets-cols_inherit mobiles-cols_1 valign_top type_default stacking_default\" style=\"--gap:3rem;\"><div class=\"wpb_column vc_column_container\"><div class=\"vc_column-inner\"><div class=\"wpb_text_column us_custom_6df4bc3a has_text_color\"><div class=\"wpb_wrapper\"><h3>Bewerben Sie sich jetzt und werden Teil unseres Teams!<\/h3>\n<\/div><\/div><\/div><\/div><div class=\"wpb_column vc_column_container\"><div class=\"vc_column-inner\"><div class=\"w-btn-wrapper align_center\"><a class=\"w-btn us-btn-style_2\" title=\"Stellenangebote\" href=\"https:\/\/bless-gd.de\/index.php\/portfolio\/stellenangebote-2\/\"><span class=\"w-btn-label\">zu den Stellenangeboten<\/span><\/a><\/div><\/div><\/div><\/div><\/div><\/div><\/div><\/div><\/section><section class=\"l-section wpb_row height_medium\"><div class=\"l-section-h i-cf\"><div class=\"g-cols vc_row via_grid cols_1 laptops-cols_inherit tablets-cols_inherit mobiles-cols_1 valign_top type_default stacking_default\"><div class=\"wpb_column vc_column_container\"><div class=\"vc_column-inner\">[vc_custom_heading text=&#8220;BLESS Qualit\u00e4tsmanagement&#8220; use_theme_fonts=&#8220;yes&#8220;]<div class=\"g-cols wpb_row via_grid cols_1 laptops-cols_inherit tablets-cols_inherit mobiles-cols_1 valign_top type_default stacking_default\" style=\"--gap:3rem;\"><div class=\"wpb_column vc_column_container\"><div class=\"vc_column-inner\"><div class=\"wpb_text_column\"><div class=\"wpb_wrapper\"><p>Um am Markt langfristig erfolgreich zu sein, m\u00fcssen Geb\u00e4udereinigungsdienste heute nicht nur marktgerechte Preise, sondern auch eine gleichbleibend hohe Qualit\u00e4t aller Arbeiten gew\u00e4hrleisten. Aus diesem Grund haben wir uns Zertifiziert nach DIN EN ISO 9001 und DIN EN ISO 14001.<\/p>\n<h4>Das erkl\u00e4rte Ziel: Allen Kunden einen gleichbleibend hohen Qualit\u00e4tsstandard zu garantieren.<\/h4>\n<p>Daher arbeitet die BLESS Geb\u00e4udedienste seit 2007 mit Qualit\u00e4tsmess- Systemem, wie zum Beispiel\u00a0Zvoove. Dieses System wurde in Zusammenarbeit mit dem Bundesinnungsverband der Geb\u00e4udereiniger entwickelt und nach DIN EN 13549 zertifiziert.<\/p>\n<\/div><\/div><div class=\"wpb_text_column\"><div class=\"wpb_wrapper\"><h4>Kurzbeschreibung des BLESS Qualit\u00e4tsmanagements-Systems:<\/h4>\n<p>In einem ersten Schritt werden die Daten des zu pr\u00fcfenden Geb\u00e4udes einmalig in ein Raumbuch eingegeben. Anschlie\u00dfend lassen sich alle durchzuf\u00fchrenden Arbeiten sowie das entsprechende Qualit\u00e4tsniveau festlegen \u2013 denn jeder Kunde hat andere Anspr\u00fcche. Zu Pr\u00fcfzwecken kann dann entweder ein ganzes Geb\u00e4ude oder nur ein Teilbereich ausgew\u00e4hlt werden, wobei das System selbstst\u00e4ndig eine repr\u00e4sentative Stichprobe nach DIN ISO 2859 erarbeitet. Das Ergebnis ist eine professionelle Pr\u00fcfliste, die abschlie\u00dfend auf einen Handheld, Palm oder Pocket-PC \u00fcbertragen wird. Diese Pr\u00fcfliste wird bei einer gemeinsamen Begehung mit dem Kunden abgearbeitet. Nach erfolgter Pr\u00fcfung unterschreibt der Kunde dann direkt auf dem Handheld, um die Richtigkeit der Pr\u00fcfung zu dokumentieren. Die Ergebnisse werden anschlie\u00dfend betriebsintern ausgewertet und dem Kunden zur Verf\u00fcgung gestellt.<\/p>\n<\/div><\/div><\/div><\/div><\/div><\/div><\/div><\/div><\/div><\/section><section class=\"l-section wpb_row height_medium color_alternate\"><div class=\"l-section-h i-cf\"><div class=\"g-cols vc_row via_grid cols_1 laptops-cols_inherit tablets-cols_inherit mobiles-cols_1 valign_top type_default stacking_default\"><div class=\"wpb_column vc_column_container\"><div class=\"vc_column-inner\">[vc_custom_heading text=&#8220;BLESS Qualit\u00e4tsverbund&#8220; use_theme_fonts=&#8220;yes&#8220;]<div class=\"g-cols wpb_row via_grid cols_1 laptops-cols_inherit tablets-cols_inherit mobiles-cols_1 valign_top type_default stacking_default\" style=\"--gap:3rem;\"><div class=\"wpb_column vc_column_container\"><div class=\"vc_column-inner\"><div class=\"wpb_text_column\"><div class=\"wpb_wrapper\"><p>Als Auftraggeber erwarten Sie von Ihrem Dienstleister Seriosit\u00e4t und hohe Qualit\u00e4t.<br \/>\nDoch seit der \u00c4nderung der Handwerksordnung im Jahre 2004 l\u00e4sst sich die meisterliche Qualifikation nicht mehr so einfach erkennen. Das Geb\u00e4udereiniger- Handwerk ist gesetzlich zulassungsfrei und jeder Betrieb kann sich in die Handwerksrolle eintragen lassen, ganz ohne Kompetenznachweis.<br \/>\nDie Verb\u00e4nde des Geb\u00e4udereiniger-Handwerks stellen Ihnen mit dem Qualit\u00e4tsverbund Geb\u00e4udedienste jetzt einen Markenverbund an die Seite, der Ihnen besondere Sicherheit bei der Auswahl Ihres Dienstleisters gibt und Vertrauen schafft!<\/p>\n<\/div><\/div><\/div><\/div><\/div><div class=\"wpb_text_column\"><div class=\"wpb_wrapper\"><h4>Was Sie von uns erwarten k\u00f6nnen<\/h4>\n<p>Die zertifizierten Mitglieder des Qualit\u00e4tsverbundes Geb\u00e4udedienste sind umweltbewusst und nachhaltig wirtschaftende Fachbetriebe. Als Auftraggeber garantiert Ihnen unsere Mitgliedschaft im Qualit\u00e4tsverbund:<br \/>\n\u2022 Gepr\u00fcfte Qualit\u00e4t auf Meisterniveau mit nachgewiesenem Meisterbrief oder vergleichbarer Qualifikation<br \/>\n\u2022 Die Unternehmen haben eine Fortbildung zur nachhaltigen Unternehmensf\u00fchrung durchlaufen<br \/>\n\u2022 und sich zu kontinuierlicher Weiterbildung verpflichtet.<br \/>\nDurch die Fort- und Weiterbildung werden folgende Kompetenzen vermittelt<\/p>\n<\/div><\/div><\/div><\/div><\/div><\/div><\/section><section class=\"l-section wpb_row height_medium\" id=\"kontakt\"><div class=\"l-section-h i-cf\"><div class=\"g-cols vc_row via_grid cols_1 laptops-cols_inherit tablets-cols_inherit mobiles-cols_1 valign_top type_default stacking_default\"><div class=\"wpb_column vc_column_container\"><div class=\"vc_column-inner\">[vc_custom_heading text=&#8220;Kontakt&#8220; use_theme_fonts=&#8220;yes&#8220;]<div class=\"g-cols wpb_row via_grid cols_2 laptops-cols_inherit tablets-cols_inherit mobiles-cols_1 valign_top type_default stacking_default\" style=\"--gap:3rem;\"><div class=\"wpb_column vc_column_container\"><div class=\"vc_column-inner\"><\/div><\/div><div class=\"wpb_column vc_column_container\"><div class=\"vc_column-inner\"><div class=\"wpb_text_column\"><div class=\"wpb_wrapper\"><p>Sie brauchen einen zuverl\u00e4ssigen Partner f\u00fcr Ihre Geb\u00e4udereinigung?<br \/>\nRufen Sie uns noch heute an!<\/p>\n<\/div><\/div><div class=\"w-separator size_small\"><\/div><div class=\"w-iconbox iconpos_left style_default color_custom align_center no_text\"><div class=\"w-iconbox-icon\" style=\"font-size:2rem;--icon-color:#0086CB;\"><i class=\"fas fa-phone\"><\/i><\/div><div class=\"w-iconbox-meta\"><h4 class=\"w-iconbox-title\">0208 \u2013 3 00 88 0<\/h4><\/div><\/div><div class=\"w-separator size_small\"><\/div><div class=\"w-iconbox iconpos_left style_default color_custom align_center no_text\"><a href=\"mailto:&quot;mail@bless-gd.de&quot;\" class=\"w-iconbox-link\" aria-label=\"mail@bless-gd.de\"><div class=\"w-iconbox-icon\" style=\"font-size:2rem;--icon-color:#0086CB;\"><i class=\"fas fa-envelope\"><\/i><\/div><\/a><div class=\"w-iconbox-meta\"><a href=\"mailto:&quot;mail@bless-gd.de&quot;\" class=\"w-iconbox-link\" aria-label=\"mail@bless-gd.de\"><h4 class=\"w-iconbox-title\">mail@bless-gd.de<\/h4><\/a><\/div><\/div><\/div><\/div><\/div><\/div><\/div><\/div><\/div><\/section>\n<\/div><\/div><\/div><\/div><\/section><section class=\"l-section wpb_row height_medium\"><div class=\"l-section-h i-cf\"><div class=\"g-cols vc_row via_grid cols_1 laptops-cols_inherit tablets-cols_inherit mobiles-cols_1 valign_top type_default stacking_default\"><div class=\"wpb_column vc_column_container\"><div class=\"vc_column-inner\"><div class=\"w-popup align_none\"><span  class=\"w-popup-trigger type_load\" data-options=\"{&quot;delay&quot;:1}\"><\/span><div class=\"w-popup-overlay\" style=\"background:rgba(0,0,0,0.35);\"><\/div><div class=\"w-popup-wrap layout_default\" style=\"--title-color:var(--color-header-middle-bg);--title-bg-color:var(--color-header-middle-text-hover);--content-color:var(--color-header-middle-text);--content-bg-color:var(--color-content-bg);--popup-width:600px;--popup-padding:5%;\"><div class=\"w-popup-box animation_fadeIn closerpos_outside with_title\"><div class=\"w-popup-box-h\"><div class=\"w-popup-box-title\">Willkommen bei BLESS!<\/div><div class=\"w-popup-box-content\"><p style=\"text-align: center;\"><img loading=\"lazy\" decoding=\"async\" class=\"alignnone size-full wp-image-1091 aligncenter\" src=\"https:\/\/impreza.addyoursite.de\/wp-content\/uploads\/2021\/05\/logo_frei.png\" alt=\"\" width=\"226\" height=\"61\" \/><\/p>\n<p style=\"font-weight: 400; text-align: center;\">Die Firma Katzke Geb\u00e4udereinigung GmbH ist seit 2013 das Tochterunternehmen der BLESS Geb\u00e4udedienste GmbH &amp; Co.KG.<\/p>\n<p style=\"font-weight: 400; text-align: center;\">Aufgrund von Kooperationsvereinbarungen beider Firmen, wird demn\u00e4chst eine gemeinsame Homepage erstellt.<\/p>\n<p style=\"font-weight: 400; text-align: center;\">Die Homepage der Firma Katzke GmbH wurde bereits auf inaktiv gesetzt, deshalb werden Sie auf die Homepage der BLESS Geb\u00e4udedienste weitergeleitet.<\/p>\n<p style=\"text-align: center;\"><a href=\"\/\">Information schlie\u00dfen<\/a><\/p>\n<\/div><\/div><\/div><div class=\"w-popup-closer\"><\/div><\/div><\/div><\/div><\/div><\/div><\/div><\/section>\n","protected":false},"excerpt":{"rendered":"BLESS Geb\u00e4udedienste Vielf\u00e4ltige Geb\u00e4udedienste geh\u00f6ren zu unseren Kernkompetenzen BLESS Au\u00dfenpflege Perfekte Au\u00dfenpflege f\u00fcr Ihre gr\u00fcne Oase BLESS Geb\u00e4udereinigung Professionelle Geb\u00e4udereinigung auf Ihre Anspr\u00fcche abgestimmt Geb\u00e4udediensteGeb\u00e4udereinigungAussenpflege[vc_custom_heading text=&#8220;BLESS Geb\u00e4udedienste&#8220; use_theme_fonts=&#8220;yes&#8220;]Seit 1984 ist die BLESS Geb\u00e4udedienste GmbH ein zuverl\u00e4ssiger Partner im Bereich der Geb\u00e4udedienstleistung. Aus dem Ein-Mann-Betrieb von einst ist inzwischen ein modern gef\u00fchrtes Unternehmen mit \u00fcber 400...","protected":false},"author":2,"featured_media":0,"parent":0,"menu_order":0,"comment_status":"closed","ping_status":"closed","template":"","meta":{"footnotes":""},"class_list":["post-93","page","type-page","status-publish","hentry"],"_links":{"self":[{"href":"https:\/\/bless-gd.de\/index.php\/wp-json\/wp\/v2\/pages\/93","targetHints":{"allow":["GET"]}}],"collection":[{"href":"https:\/\/bless-gd.de\/index.php\/wp-json\/wp\/v2\/pages"}],"about":[{"href":"https:\/\/bless-gd.de\/index.php\/wp-json\/wp\/v2\/types\/page"}],"author":[{"embeddable":true,"href":"https:\/\/bless-gd.de\/index.php\/wp-json\/wp\/v2\/users\/2"}],"replies":[{"embeddable":true,"href":"https:\/\/bless-gd.de\/index.php\/wp-json\/wp\/v2\/comments?post=93"}],"version-history":[{"count":4,"href":"https:\/\/bless-gd.de\/index.php\/wp-json\/wp\/v2\/pages\/93\/revisions"}],"predecessor-version":[{"id":110,"href":"https:\/\/bless-gd.de\/index.php\/wp-json\/wp\/v2\/pages\/93\/revisions\/110"}],"wp:attachment":[{"href":"https:\/\/bless-gd.de\/index.php\/wp-json\/wp\/v2\/media?parent=93"}],"curies":[{"name":"wp","href":"https:\/\/api.w.org\/{rel}","templated":true}]}}